{"id":83,"date":"2021-05-03T11:31:52","date_gmt":"2021-05-03T11:31:52","guid":{"rendered":"https:\/\/www.zeissladen.de\/?page_id=83"},"modified":"2021-05-07T11:31:56","modified_gmt":"2021-05-07T11:31:56","slug":"impressum","status":"publish","type":"page","link":"https:\/\/www.zeissladen.de\/?page_id=83","title":{"rendered":"Impressum"},"content":{"rendered":"\n<div class=\"wp-block-jetpack-layout-grid alignfull column1-desktop-grid__span-3 column1-desktop-grid__start-2 column1-desktop-grid__row-1 column2-desktop-grid__span-6 column2-desktop-grid__start-6 column2-desktop-grid__row-1 column1-tablet-grid__span-3 column1-tablet-grid__row-1 column2-tablet-grid__span-5 column2-tablet-grid__start-4 column2-tablet-grid__row-1 column1-mobile-grid__span-4 column1-mobile-grid__row-1 column2-mobile-grid__span-4 column2-mobile-grid__row-2\">\n<div class=\"wp-block-jetpack-layout-grid-column wp-block-jetpack-layout-grid__padding-none\">\n<figure class=\"wp-block-image size-large is-style-circle-mask\"><img decoding=\"async\" src=\"https:\/\/zeissladen.files.wordpress.com\/2021\/04\/dsc_0419.jpg?w=768\" alt=\"\" class=\"wp-image-90\"\/><\/figure>\n<\/div>\n\n\n\n<div class=\"wp-block-jetpack-layout-grid-column wp-block-jetpack-layout-grid__padding-none\">\n<h2 class=\"wp-block-heading\">Allgemeine Gesch\u00e4ftsbedingungen<\/h2>\n\n\n\n<p>Peter Zei\u00df<br><br>Rheinstra\u00dfe 32<br><br>55276 Dienheim<br><br>Kontakt:<br><br>Telefon: 06133-924864<br><br>Handy: 0163-2014571<br><br>E-Mail:\u00a0<a href=\"Mailto:peterzeiss\u00a9zeissladen.de\">peterzeiss\u00a9zeissladen.de<\/a><br><br>Steuernummer:<br><br>28\/197\/5048\/7<\/p>\n\n\n\n<p><br><strong>Inhalt des Online-Angebotes<\/strong><\/p>\n\n\n\n<p>Zeissladen &#8211; Peter Zei\u00df  \u00fcbernimmt keinerlei Gew\u00e4hr f\u00fcr die Aktualit\u00e4t, Korrektheit, Vollst\u00e4ndigkeit oder Qualit\u00e4t der bereitgestellten Informationen. Haftungsanspr\u00fcche gegen die Fa. Zeissladen, welche sich auf Sch\u00e4den materieller oder ideeller Art beziehen, die durch die Nutzung oder Nichtnutzung der dargebotenen Informationen bzw. durch die Nutzung fehlerhafter und unvollst\u00e4ndiger Informationen verursacht wurden, sind grunds\u00e4tzlich ausgeschlossen, sofern seitens der Fa. Zeissladen kein nachweislich vors\u00e4tzliches oder grob fahrl\u00e4ssiges Verschulden vorliegt. Alle Angebote sind freibleibend und unverbindlich.Die Fa. Zeissladen beh\u00e4lt es sich ausdr\u00fccklich vor, Teile der Seiten oder das gesamte Angebot ohne gesonderte Ank\u00fcndigung zu ver\u00e4ndern, zu erg\u00e4nzen, zu l\u00f6schen oder die Ver\u00f6ffentlichung zeitweise oder endg\u00fcltig einzustellen.<br><br><br><strong>Link-Warnungen<\/strong><br><br>Das Landgericht Hamburg hat mit Urteil vom 12. Mai 1998 entschieden,<br>dass man durch die Ausbringung eines Links die Inhalte der gelinkten Seite ggf. mit zu verantworten hat.&nbsp;<br>Dies kann &#8211; so das LG &#8211; nur dadurch verhindert werden, dass man sich ausdr\u00fccklich von diesen Inhalten distanziert.<br><br>Wir haben auf unseren Web-Seiten sowie in weiteren Seiten Links zu anderen Seiten im Internet gelegt.<br>F\u00fcr all diese Links gilt:<br>Wir erkl\u00e4ren eindeutig, dass wir keinen Einfluss auf die Gestaltung und die Inhalte der gelinkten Seiten haben.<br>Deshalb distanzieren wir uns von allen Inhalten aller gelinkten Seiten dieser Website einschlie\u00dflich aller Unterseiten.&nbsp;<br>Eine Permanente Kontrolle der externen Links ist ein enormer unzumutbarer Aufwand&nbsp;<br>und wir werden Links auf rechtswidrige Inhalte umgehend nach Kenntnis entfernen.<br>Diese Erkl\u00e4rung gilt f\u00fcr alle auf diesen Web-Seiten ausgebrachten Links und f\u00fcr alle Inhalte der Seiten,<br>zu denen Links f\u00fchren.<strong>Datenschutz<\/strong><\/p>\n\n\n\n<ol class=\"wp-block-list\"><li>1. Allgemeines<br>Die personenbezogenen Daten (z.B. Anrede, Name, Anschrift, E-Mail-Adresse, Telefonnummer) werden von uns nur gem\u00e4\u00df den Bestimmungen des deutschen Datenschutzrechts verarbeitet. Die nachfolgenden Vorschriften informieren \u00fcber Art, Umfang und Zweck der Erhebung, Verarbeitung und Nutzung personenbezogener Daten.<br><\/li><li>2. Datenerfassung<br>a) Vom Internet-Browser automatisch \u00fcbermittelte Daten werden gespeichert:<br>&#8211; Datum und Uhrzeit Ihres Zugriffs<br>&#8211; Ihre Internet Protokoll (IP)-Adresse<br>b) \u00dcber Formulare erfasste Daten werden gespeichert. Die Daten sind personenbezogenen Daten, die zur Identifizierung des Kunden notwendig sind (E-Mail, Name, Vorname und Adresse).<\/li><\/ol>\n<\/div>\n<\/div>\n","protected":false},"excerpt":{"rendered":"<p>Allgemeine Gesch\u00e4ftsbedingungen Peter Zei\u00df Rheinstra\u00dfe 32 55276 Dienheim Kontakt: Telefon: 06133-924864 Handy: 0163-2014571 E-Mail:\u00a0peterzeiss\u00a9zeissladen.de Steuernummer: 28\/197\/5048\/7 Inhalt des Online-Angebotes Zeissladen &#8211; Peter Zei\u00df \u00fcbernimmt keinerlei Gew\u00e4hr f\u00fcr die Aktualit\u00e4t, Korrektheit, Vollst\u00e4ndigkeit oder Qualit\u00e4t der bereitgestellten Informationen. Haftungsanspr\u00fcche gegen die Fa. Zeissladen, welche sich auf Sch\u00e4den materieller oder ideeller Art beziehen, die durch die Nutzung oder<a class=\"more-link\" href=\"https:\/\/www.zeissladen.de\/?page_id=83\"><span class=\"screen-reader-text\">&#8222;Impressum&#8220;<\/span> weiterlesen<\/a><\/p>\n","protected":false},"author":1,"featured_media":0,"parent":0,"menu_order":0,"comment_status":"closed","ping_status":"closed","template":"","meta":{"footnotes":""},"class_list":["post-83","page","type-page","status-publish","hentry","entry"],"_links":{"self":[{"href":"https:\/\/www.zeissladen.de\/index.php?rest_route=\/wp\/v2\/pages\/83","targetHints":{"allow":["GET"]}}],"collection":[{"href":"https:\/\/www.zeissladen.de\/index.php?rest_route=\/wp\/v2\/pages"}],"about":[{"href":"https:\/\/www.zeissladen.de\/index.php?rest_route=\/wp\/v2\/types\/page"}],"author":[{"embeddable":true,"href":"https:\/\/www.zeissladen.de\/index.php?rest_route=\/wp\/v2\/users\/1"}],"replies":[{"embeddable":true,"href":"https:\/\/www.zeissladen.de\/index.php?rest_route=%2Fwp%2Fv2%2Fcomments&post=83"}],"version-history":[{"count":2,"href":"https:\/\/www.zeissladen.de\/index.php?rest_route=\/wp\/v2\/pages\/83\/revisions"}],"predecessor-version":[{"id":101,"href":"https:\/\/www.zeissladen.de\/index.php?rest_route=\/wp\/v2\/pages\/83\/revisions\/101"}],"wp:attachment":[{"href":"https:\/\/www.zeissladen.de\/index.php?rest_route=%2Fwp%2Fv2%2Fmedia&parent=83"}],"curies":[{"name":"wp","href":"https:\/\/api.w.org\/{rel}","templated":true}]}}